{"id":72,"date":"2015-06-04T03:56:46","date_gmt":"2015-06-04T03:56:46","guid":{"rendered":"http:\/\/ferreteraindustrialfloresflores.com\/site\/?page_id=72"},"modified":"2015-06-04T23:12:26","modified_gmt":"2015-06-04T23:12:26","slug":"localiza-tu-tienda","status":"publish","type":"page","link":"https:\/\/ferreteraindustrialfloresflores.com\/site\/?page_id=72","title":{"rendered":"localiza tu tienda"},"content":{"rendered":"<p>[vc_row][vc_column width=\u00bb1\/2&#8243;][\/vc_column][vc_column width=\u00bb1\/2&#8243;][vc_column_text]<\/p>\n<div style=\"width: 270px; float: left; position: relative; top: 171px; margin: 25px; text-align: center;\"><b>MATRIZ<\/b><br \/>\nR. G\u00f3mez 3026<br \/>\nCol. Nueva Morelos<br \/>\nMonterrey, Nuevo Le\u00f3n C.P. 64180<br \/>\nemail: <b>fi.floresflores@gmail.com<\/b><br \/>\nTel\u00e9fono(s): <b>8115 1588 y 8478 0725<\/b><\/div>\n<p>&nbsp;<\/p>\n<p><iframe loading=\"lazy\" style=\"border: 0;\" src=\"https:\/\/www.google.com\/maps\/embed?pb=!1m18!1m12!1m3!1d1797.278957754007!2d-100.3426521!3d25.719057300000006!2m3!1f0!2f0!3f0!3m2!1i1024!2i768!4f13.1!3m3!1m2!1s0x866295d33824e1eb%3A0x24681e4ba356d0fd!2sAv+Rodrigo+G%C3%B3mez+3026%2C+Nueva+Morelos%2C+64180+Monterrey%2C+N.L.!5e0!3m2!1ses!2smx!4v1433390141219\" width=\"600\" height=\"450\" frameborder=\"0\"><\/iframe><\/p>\n<div style=\"width: 270px; float: left; position: relative; top: 171px; margin: 25px; text-align: center;\"><b>SUCURSAL<\/b><br \/>\nAve. Solidaridad #105<br \/>\nCol. Fomerrey 112<br \/>\nMonterrey, Nuevo Le\u00f3n C.P.64105<br \/>\n<b style=\"font-size: 13px;\">ferreterafloressucursalaztlan@gmail.com<b><br \/>\nTel\u00e9fono(s): <b>8244 3111<\/b><\/b><\/b><\/div>\n<p><iframe loading=\"lazy\" style=\"border: 0;\" src=\"https:\/\/www.google.com\/maps\/embed?pb=!1m18!1m12!1m3!1d3593.724021921013!2d-100.3596745!3d25.746638599999994!2m3!1f0!2f0!3f0!3m2!1i1024!2i768!4f13.1!3m3!1m2!1s0x866296a341b5783d%3A0x9546843620b4ea26!2sAv+Aztl%C3%A1n+105%2C+Loma+Linda%2C+64140+Monterrey%2C+N.L.!5e0!3m2!1ses!2smx!4v1433390478738\" width=\"600\" height=\"450\" frameborder=\"0\"><\/iframe>[\/vc_column_text][\/vc_column][\/vc_row]<\/p>\n","protected":false},"excerpt":{"rendered":"<p>[vc_row][vc_column width=\u00bb1\/2&#8243;][\/vc_column][vc_column width=\u00bb1\/2&#8243;][vc_column_text] MATRIZ R. G\u00f3mez 3026 Col. Nueva Morelos Monterrey, Nuevo Le\u00f3n C.P. 64180 email: fi.floresflores@gmail.com Tel\u00e9fono(s): 8115 1588 y 8478 0725 &nbsp; SUCURSAL Ave. Solidaridad #105 Col. Fomerrey 112 Monterrey, Nuevo Le\u00f3n C.P.64105 ferreterafloressucursalaztlan@gmail.com Tel\u00e9fono(s): 8244 3111 [\/vc_column_text][\/vc_column][\/vc_row]<\/p>\n","protected":false},"author":1,"featured_media":0,"parent":0,"menu_order":0,"comment_status":"closed","ping_status":"closed","template":"page-templates\/full-width.php","meta":{"footnotes":""},"_links":{"self":[{"href":"https:\/\/ferreteraindustrialfloresflores.com\/site\/index.php?rest_route=\/wp\/v2\/pages\/72"}],"collection":[{"href":"https:\/\/ferreteraindustrialfloresflores.com\/site\/index.php?rest_route=\/wp\/v2\/pages"}],"about":[{"href":"https:\/\/ferreteraindustrialfloresflores.com\/site\/index.php?rest_route=\/wp\/v2\/types\/page"}],"author":[{"embeddable":true,"href":"https:\/\/ferreteraindustrialfloresflores.com\/site\/index.php?rest_route=\/wp\/v2\/users\/1"}],"replies":[{"embeddable":true,"href":"https:\/\/ferreteraindustrialfloresflores.com\/site\/index.php?rest_route=%2Fwp%2Fv2%2Fcomments&post=72"}],"version-history":[{"count":10,"href":"https:\/\/ferreteraindustrialfloresflores.com\/site\/index.php?rest_route=\/wp\/v2\/pages\/72\/revisions"}],"predecessor-version":[{"id":99,"href":"https:\/\/ferreteraindustrialfloresflores.com\/site\/index.php?rest_route=\/wp\/v2\/pages\/72\/revisions\/99"}],"wp:attachment":[{"href":"https:\/\/ferreteraindustrialfloresflores.com\/site\/index.php?rest_route=%2Fwp%2Fv2%2Fmedia&parent=72"}],"curies":[{"name":"wp","href":"https:\/\/api.w.org\/{rel}","templated":true}]}}