{"id":2,"date":"2015-05-28T03:44:02","date_gmt":"2015-05-28T03:44:02","guid":{"rendered":"http:\/\/ferreteraindustrialfloresflores.com\/site\/?page_id=2"},"modified":"2015-06-10T17:39:44","modified_gmt":"2015-06-10T17:39:44","slug":"pagina-ejemplo","status":"publish","type":"page","link":"https:\/\/ferreteraindustrialfloresflores.com\/site\/?page_id=2","title":{"rendered":"NUESTRA EMPRESA"},"content":{"rendered":"<p>Nuestra empresa nace de la necesidad de brindar mejor calidad de vida a mi familia.<\/p>\n<p>Todo empez\u00f3 cuando alguien conocido me invito a participar en un remate de un negocio de ferreter\u00eda y comercializarlo en la pulga mitras, de ah\u00ed parti\u00f3 la idea.<br \/>\nDespu\u00e9s creci\u00f3 nuestra experiencia de 5 a\u00f1os y a trav\u00e9s de esos a\u00f1os nos dio la pauta para empezar a competir en el mercado y ahora contamos con una experiencia de m\u00e1s de 28 a\u00f1os.<\/p>\n<p>&nbsp;<\/p>\n<p>&nbsp;<\/p>\n<p>&nbsp;<\/p>\n","protected":false},"excerpt":{"rendered":"<p>Nuestra empresa nace de la necesidad de brindar mejor calidad de vida a mi familia. Todo empez\u00f3 cuando alguien conocido me invito a participar en un remate de un negocio de ferreter\u00eda y comercializarlo en la pulga mitras, de ah\u00ed parti\u00f3 la idea. Despu\u00e9s creci\u00f3 nuestra experiencia de 5 a\u00f1os y a trav\u00e9s de esos [&hellip;]<\/p>\n","protected":false},"author":1,"featured_media":0,"parent":0,"menu_order":0,"comment_status":"closed","ping_status":"closed","template":"page-templates\/full-width.php","meta":{"footnotes":""},"_links":{"self":[{"href":"https:\/\/ferreteraindustrialfloresflores.com\/site\/index.php?rest_route=\/wp\/v2\/pages\/2"}],"collection":[{"href":"https:\/\/ferreteraindustrialfloresflores.com\/site\/index.php?rest_route=\/wp\/v2\/pages"}],"about":[{"href":"https:\/\/ferreteraindustrialfloresflores.com\/site\/index.php?rest_route=\/wp\/v2\/types\/page"}],"author":[{"embeddable":true,"href":"https:\/\/ferreteraindustrialfloresflores.com\/site\/index.php?rest_route=\/wp\/v2\/users\/1"}],"replies":[{"embeddable":true,"href":"https:\/\/ferreteraindustrialfloresflores.com\/site\/index.php?rest_route=%2Fwp%2Fv2%2Fcomments&post=2"}],"version-history":[{"count":6,"href":"https:\/\/ferreteraindustrialfloresflores.com\/site\/index.php?rest_route=\/wp\/v2\/pages\/2\/revisions"}],"predecessor-version":[{"id":103,"href":"https:\/\/ferreteraindustrialfloresflores.com\/site\/index.php?rest_route=\/wp\/v2\/pages\/2\/revisions\/103"}],"wp:attachment":[{"href":"https:\/\/ferreteraindustrialfloresflores.com\/site\/index.php?rest_route=%2Fwp%2Fv2%2Fmedia&parent=2"}],"curies":[{"name":"wp","href":"https:\/\/api.w.org\/{rel}","templated":true}]}}